{"id":179,"date":"2025-12-05T10:34:07","date_gmt":"2025-12-05T13:34:07","guid":{"rendered":"http:\/\/localhost\/wp\/acsi\/exportacion\/"},"modified":"2026-03-10T16:16:05","modified_gmt":"2026-03-10T19:16:05","slug":"exportacion","status":"publish","type":"page","link":"https:\/\/www.acsicomex.com.br\/es\/exportacion\/","title":{"rendered":"Exportaci\u00f3n"},"content":{"rendered":"","protected":false},"excerpt":{"rendered":"","protected":false},"author":1,"featured_media":0,"parent":0,"menu_order":0,"comment_status":"closed","ping_status":"closed","template":"page-templates\/template-exporter.php","meta":{"_acf_changed":false,"footnotes":""},"class_list":["post-179","page","type-page","status-publish","hentry"],"acf":[],"yoast_head":"<!-- This site is optimized with the Yoast SEO plugin v27.1.1 - https:\/\/yoast.com\/product\/yoast-seo-wordpress\/ -->\n<title>Exportar con Seguridad y Agilidad | ACSI Comercio Exterior<\/title>\n<meta name=\"description\" content=\"ACSI ofrece servicios completos de exportaci\u00f3n con despacho aduanero seguro y eficiente de acuerdo con la legislaci\u00f3n brasile\u00f1a.\" \/>\n<meta name=\"robots\" content=\"index, follow, max-snippet:-1, max-image-preview:large, max-video-preview:-1\" \/>\n<link rel=\"canonical\" href=\"https:\/\/www.acsicomex.com.br\/es\/exportacion\/\" \/>\n<meta property=\"og:locale\" content=\"es_ES\" \/>\n<meta property=\"og:type\" content=\"article\" \/>\n<meta property=\"og:title\" content=\"Exportar con Seguridad y Agilidad | ACSI Comercio Exterior\" \/>\n<meta property=\"og:description\" content=\"ACSI ofrece servicios completos de exportaci\u00f3n con despacho aduanero seguro y eficiente de acuerdo con la legislaci\u00f3n brasile\u00f1a.\" \/>\n<meta property=\"og:url\" content=\"https:\/\/www.acsicomex.com.br\/es\/exportacion\/\" \/>\n<meta property=\"og:site_name\" content=\"ACSI\" \/>\n<meta property=\"article:publisher\" content=\"https:\/\/www.facebook.com\/pages\/Acsicomex\/2143039785962636\/\" \/>\n<meta property=\"article:modified_time\" content=\"2026-03-10T19:16:05+00:00\" \/>\n<meta name=\"twitter:card\" content=\"summary_large_image\" \/>\n<script type=\"application\/ld+json\" class=\"yoast-schema-graph\">{\"@context\":\"https:\/\/schema.org\",\"@graph\":[{\"@type\":\"WebPage\",\"@id\":\"https:\/\/www.acsicomex.com.br\/es\/exportacion\/\",\"url\":\"https:\/\/www.acsicomex.com.br\/es\/exportacion\/\",\"name\":\"Exportar con Seguridad y Agilidad | ACSI Comercio Exterior\",\"isPartOf\":{\"@id\":\"https:\/\/www.acsicomex.com.br\/#website\"},\"datePublished\":\"2025-12-05T13:34:07+00:00\",\"dateModified\":\"2026-03-10T19:16:05+00:00\",\"description\":\"ACSI ofrece servicios completos de exportaci\u00f3n con despacho aduanero seguro y eficiente de acuerdo con la legislaci\u00f3n brasile\u00f1a.\",\"breadcrumb\":{\"@id\":\"https:\/\/www.acsicomex.com.br\/es\/exportacion\/#breadcrumb\"},\"inLanguage\":\"es-ES\",\"potentialAction\":[{\"@type\":\"ReadAction\",\"target\":[\"https:\/\/www.acsicomex.com.br\/es\/exportacion\/\"]}]},{\"@type\":\"BreadcrumbList\",\"@id\":\"https:\/\/www.acsicomex.com.br\/es\/exportacion\/#breadcrumb\",\"itemListElement\":[{\"@type\":\"ListItem\",\"position\":1,\"name\":\"In\u00edcio\",\"item\":\"https:\/\/www.acsicomex.com.br\/es\/\"},{\"@type\":\"ListItem\",\"position\":2,\"name\":\"Exportaci\u00f3n\"}]},{\"@type\":\"WebSite\",\"@id\":\"https:\/\/www.acsicomex.com.br\/#website\",\"url\":\"https:\/\/www.acsicomex.com.br\/\",\"name\":\"ACSI\",\"description\":\"\",\"publisher\":{\"@id\":\"https:\/\/www.acsicomex.com.br\/#organization\"},\"potentialAction\":[{\"@type\":\"SearchAction\",\"target\":{\"@type\":\"EntryPoint\",\"urlTemplate\":\"https:\/\/www.acsicomex.com.br\/?s={search_term_string}\"},\"query-input\":{\"@type\":\"PropertyValueSpecification\",\"valueRequired\":true,\"valueName\":\"search_term_string\"}}],\"inLanguage\":\"es-ES\"},{\"@type\":\"Organization\",\"@id\":\"https:\/\/www.acsicomex.com.br\/#organization\",\"name\":\"ACSI\",\"url\":\"https:\/\/www.acsicomex.com.br\/\",\"logo\":{\"@type\":\"ImageObject\",\"inLanguage\":\"es-ES\",\"@id\":\"https:\/\/www.acsicomex.com.br\/#\/schema\/logo\/image\/\",\"url\":\"https:\/\/www.acsicomex.com.br\/wp-content\/uploads\/2025\/12\/ACSI-1.png\",\"contentUrl\":\"https:\/\/www.acsicomex.com.br\/wp-content\/uploads\/2025\/12\/ACSI-1.png\",\"width\":110,\"height\":32,\"caption\":\"ACSI\"},\"image\":{\"@id\":\"https:\/\/www.acsicomex.com.br\/#\/schema\/logo\/image\/\"},\"sameAs\":[\"https:\/\/www.facebook.com\/pages\/Acsicomex\/2143039785962636\/\",\"https:\/\/www.instagram.com\/acsi.comex\/\",\"https:\/\/www.linkedin.com\/company\/acsi-servicos-ltda\"]}]}<\/script>\n<!-- \/ Yoast SEO plugin. -->","yoast_head_json":{"title":"Exportar con Seguridad y Agilidad | ACSI Comercio Exterior","description":"ACSI ofrece servicios completos de exportaci\u00f3n con despacho aduanero seguro y eficiente de acuerdo con la legislaci\u00f3n brasile\u00f1a.","robots":{"index":"index","follow":"follow","max-snippet":"max-snippet:-1","max-image-preview":"max-image-preview:large","max-video-preview":"max-video-preview:-1"},"canonical":"https:\/\/www.acsicomex.com.br\/es\/exportacion\/","og_locale":"es_ES","og_type":"article","og_title":"Exportar con Seguridad y Agilidad | ACSI Comercio Exterior","og_description":"ACSI ofrece servicios completos de exportaci\u00f3n con despacho aduanero seguro y eficiente de acuerdo con la legislaci\u00f3n brasile\u00f1a.","og_url":"https:\/\/www.acsicomex.com.br\/es\/exportacion\/","og_site_name":"ACSI","article_publisher":"https:\/\/www.facebook.com\/pages\/Acsicomex\/2143039785962636\/","article_modified_time":"2026-03-10T19:16:05+00:00","twitter_card":"summary_large_image","schema":{"@context":"https:\/\/schema.org","@graph":[{"@type":"WebPage","@id":"https:\/\/www.acsicomex.com.br\/es\/exportacion\/","url":"https:\/\/www.acsicomex.com.br\/es\/exportacion\/","name":"Exportar con Seguridad y Agilidad | ACSI Comercio Exterior","isPartOf":{"@id":"https:\/\/www.acsicomex.com.br\/#website"},"datePublished":"2025-12-05T13:34:07+00:00","dateModified":"2026-03-10T19:16:05+00:00","description":"ACSI ofrece servicios completos de exportaci\u00f3n con despacho aduanero seguro y eficiente de acuerdo con la legislaci\u00f3n brasile\u00f1a.","breadcrumb":{"@id":"https:\/\/www.acsicomex.com.br\/es\/exportacion\/#breadcrumb"},"inLanguage":"es-ES","potentialAction":[{"@type":"ReadAction","target":["https:\/\/www.acsicomex.com.br\/es\/exportacion\/"]}]},{"@type":"BreadcrumbList","@id":"https:\/\/www.acsicomex.com.br\/es\/exportacion\/#breadcrumb","itemListElement":[{"@type":"ListItem","position":1,"name":"In\u00edcio","item":"https:\/\/www.acsicomex.com.br\/es\/"},{"@type":"ListItem","position":2,"name":"Exportaci\u00f3n"}]},{"@type":"WebSite","@id":"https:\/\/www.acsicomex.com.br\/#website","url":"https:\/\/www.acsicomex.com.br\/","name":"ACSI","description":"","publisher":{"@id":"https:\/\/www.acsicomex.com.br\/#organization"},"potentialAction":[{"@type":"SearchAction","target":{"@type":"EntryPoint","urlTemplate":"https:\/\/www.acsicomex.com.br\/?s={search_term_string}"},"query-input":{"@type":"PropertyValueSpecification","valueRequired":true,"valueName":"search_term_string"}}],"inLanguage":"es-ES"},{"@type":"Organization","@id":"https:\/\/www.acsicomex.com.br\/#organization","name":"ACSI","url":"https:\/\/www.acsicomex.com.br\/","logo":{"@type":"ImageObject","inLanguage":"es-ES","@id":"https:\/\/www.acsicomex.com.br\/#\/schema\/logo\/image\/","url":"https:\/\/www.acsicomex.com.br\/wp-content\/uploads\/2025\/12\/ACSI-1.png","contentUrl":"https:\/\/www.acsicomex.com.br\/wp-content\/uploads\/2025\/12\/ACSI-1.png","width":110,"height":32,"caption":"ACSI"},"image":{"@id":"https:\/\/www.acsicomex.com.br\/#\/schema\/logo\/image\/"},"sameAs":["https:\/\/www.facebook.com\/pages\/Acsicomex\/2143039785962636\/","https:\/\/www.instagram.com\/acsi.comex\/","https:\/\/www.linkedin.com\/company\/acsi-servicos-ltda"]}]}},"_links":{"self":[{"href":"https:\/\/www.acsicomex.com.br\/es\/wp-json\/wp\/v2\/pages\/179","targetHints":{"allow":["GET"]}}],"collection":[{"href":"https:\/\/www.acsicomex.com.br\/es\/wp-json\/wp\/v2\/pages"}],"about":[{"href":"https:\/\/www.acsicomex.com.br\/es\/wp-json\/wp\/v2\/types\/page"}],"author":[{"embeddable":true,"href":"https:\/\/www.acsicomex.com.br\/es\/wp-json\/wp\/v2\/users\/1"}],"replies":[{"embeddable":true,"href":"https:\/\/www.acsicomex.com.br\/es\/wp-json\/wp\/v2\/comments?post=179"}],"version-history":[{"count":1,"href":"https:\/\/www.acsicomex.com.br\/es\/wp-json\/wp\/v2\/pages\/179\/revisions"}],"predecessor-version":[{"id":180,"href":"https:\/\/www.acsicomex.com.br\/es\/wp-json\/wp\/v2\/pages\/179\/revisions\/180"}],"wp:attachment":[{"href":"https:\/\/www.acsicomex.com.br\/es\/wp-json\/wp\/v2\/media?parent=179"}],"curies":[{"name":"wp","href":"https:\/\/api.w.org\/{rel}","templated":true}]}}